{"id":282,"date":"2020-09-10T11:29:10","date_gmt":"2020-09-10T11:29:10","guid":{"rendered":"https:\/\/demosites.io\/shop-gb\/?page_id=282"},"modified":"2024-11-09T16:12:35","modified_gmt":"2024-11-09T15:12:35","slug":"52e3e-contact","status":"publish","type":"page","link":"https:\/\/wildrosen-verlag.de\/?page_id=282","title":{"rendered":"Kontakt"},"content":{"rendered":"\n<div id=\"wp-block-themeisle-blocks-advanced-columns-36e48672\" class=\"wp-block-themeisle-blocks-advanced-columns alignfull has-1-columns has-desktop-equal-layout has-tablet-equal-layout has-mobile-equal-layout has-vertical-center\"><div class=\"wp-block-themeisle-blocks-advanced-columns-overlay\"><\/div><div class=\"innerblocks-wrap\">\n<div id=\"wp-block-themeisle-blocks-advanced-column-adc65de0\" class=\"wp-block-themeisle-blocks-advanced-column\">\n<h1 class=\"wp-block-heading has-text-align-center has-white-color has-text-color\">Kontakt<\/h1>\n\n\n\n<p class=\"has-text-align-center has-nv-text-dark-bg-color has-text-color\"><em><em>Du hast Fragen oder willst Dein Werk ver\u00f6ffentlichen<\/em><\/em><\/p>\n<\/div>\n<\/div><\/div>\n\n\n\n<div id=\"wp-block-themeisle-blocks-advanced-columns-045ac48f\" class=\"wp-block-themeisle-blocks-advanced-columns alignfull has-2-columns has-desktop-equal-layout has-tablet-equal-layout has-mobile-collapsedRows-layout has-vertical-unset\"><div class=\"wp-block-themeisle-blocks-advanced-columns-overlay\"><\/div><div class=\"innerblocks-wrap\">\n<div id=\"wp-block-themeisle-blocks-advanced-column-955a30cd\" class=\"wp-block-themeisle-blocks-advanced-column contact-form\">\n<div id=\"wp-block-themeisle-blocks-form-faa8ba2c\" class=\"wp-block-themeisle-blocks-form ticss-49af4101\" data-option-name=\"bf9b28ff82ce323187abc5d0feb0d8f07ecd8436_faa8ba2c\"><form class=\"otter-form__container\">\n<div id=\"wp-block-themeisle-blocks-form-input-3dcefef8\" class=\"wp-block-themeisle-blocks-form-input\"><label for=\"wp-block-themeisle-blocks-form-input-3dcefef8-input\" class=\"otter-form-input-label\"><span class=\"otter-form-input-label__label\">Name<\/span><span class=\"required\">*<\/span><\/label><input type=\"text\" id=\"wp-block-themeisle-blocks-form-input-3dcefef8-input\" required class=\"otter-form-input\"\/><\/div>\n\n\n\n<div id=\"wp-block-themeisle-blocks-form-input-bc30967c\" class=\"wp-block-themeisle-blocks-form-input\"><label for=\"wp-block-themeisle-blocks-form-input-bc30967c-input\" class=\"otter-form-input-label\"><span class=\"otter-form-input-label__label\">Email<\/span><span class=\"required\">*<\/span><\/label><input type=\"email\" id=\"wp-block-themeisle-blocks-form-input-bc30967c-input\" required class=\"otter-form-input\"\/><\/div>\n\n\n\n<div id=\"wp-block-themeisle-blocks-form-textarea-dea326cc\" class=\"wp-block-themeisle-blocks-form-textarea\"><label for=\"wp-block-themeisle-blocks-form-textarea-dea326cc-input\" class=\"otter-form-textarea-label\"><span class=\"otter-form-textarea-label__label\">Nachricht<\/span><\/label><textarea id=\"wp-block-themeisle-blocks-form-textarea-dea326cc-input\" rows=\"10\" class=\"otter-form-textarea-input\"><\/textarea><\/div>\n\n\n<div class=\"protection\" aria-hidden=\"true\"><input type=\"hidden\" id=\"wp-block-themeisle-blocks-form-faa8ba2c_nonce_field\" name=\"wp-block-themeisle-blocks-form-faa8ba2c_nonce_field\" value=\"d749d4dce2\" \/><input type=\"hidden\" name=\"_wp_http_referer\" value=\"\/index.php?rest_route=%2Fwp%2Fv2%2Fpages%2F282\" \/><input class=\"o-anti-bot\" type=\"checkbox\"><\/div><div class=\"wp-block-button\"><button class=\"wp-block-button__link\" type=\"submit\">Submit<\/button><\/div><\/form><\/div>\n<\/div>\n\n\n\n<div id=\"wp-block-themeisle-blocks-advanced-column-49362605\" class=\"wp-block-themeisle-blocks-advanced-column\">\n<p><\/p>\n\n\n\n<p>Wir laden Autorinnen und Autoren herzlich ein, mit uns in Kontakt zu treten, um ihre Werke einem breiten Publikum vorzustellen. Unser Verlag steht f\u00fcr Weltoffenheit und moderne Publikationsmethoden und bietet sowohl etablierten als auch neuen Talenten eine Plattform f\u00fcr ihre literarischen Projekte. Wenn Sie daran interessiert sind, Ihr Buch in einem innovativen und vielf\u00e4ltigen Umfeld zu ver\u00f6ffentlichen, freuen wir uns auf Ihre Nachricht.<\/p>\n\n\n\n<p>Wir sch\u00e4tzen den direkten Austausch mit unseren Leserinnen und Lesern sehr. Ihre Meinungen, Anregungen und Fragen sind f\u00fcr uns von gro\u00dfer Bedeutung und tragen dazu bei, unser Verlagsprogramm kontinuierlich zu verbessern. Ob Sie Feedback zu unseren Ver\u00f6ffentlichungen haben, sich f\u00fcr kommende Projekte interessieren oder einfach Ihre Leseerfahrungen teilen m\u00f6chten \u2013 wir freuen uns auf Ihre Nachricht. Gemeinsam gestalten wir die Welt der Literatur.<\/p>\n<\/div>\n<\/div><\/div>\n\n\n\n<div id=\"wp-block-themeisle-blocks-advanced-columns-babcac21\" class=\"wp-block-themeisle-blocks-advanced-columns alignfull has-1-columns has-desktop-equal-layout has-tablet-equal-layout has-mobile-equal-layout has-vertical-unset\"><div class=\"wp-block-themeisle-blocks-advanced-columns-overlay\"><\/div><div class=\"innerblocks-wrap\">\n<div id=\"wp-block-themeisle-blocks-advanced-column-4be68ea8\" class=\"wp-block-themeisle-blocks-advanced-column\"><div style=\"height:400pxpx;\" class=\"alignfull alignfull wp-block-themeisle-blocks-leaflet-map\" id=\"wp-block-themeisle-blocks-leaflet-map-cd945ba9\"><\/div>\n<script type=\"text\/javascript\">\n\t\/* <![CDATA[ *\/\n\t\tif ( ! window.themeisleLeafletMaps ) window.themeisleLeafletMaps =[];\n\t\twindow.themeisleLeafletMaps.push( { container: \"wp-block-themeisle-blocks-leaflet-map-cd945ba9\", attributes: {\"id\":\"wp-block-themeisle-blocks-leaflet-map-cd945ba9\",\"location\":\"Dr. Rudolf Breitscheidstrasse, Kaiserslautern, Germany\",\"latitude\":\"49.45808284104222\",\"longitude\":\"7.705362835183777\",\"bbox\":\"7.49370574951172,49.413430270551906,7.917022705078126,49.50269476415281\",\"zoom\":12,\"markers\":[{\"id\":\"ed503a94-d35a-43d7-9347-c05c1e518976\",\"latitude\":41.39786576067390200250883935950696468353271484375,\"longitude\":2.176494598388672319089209850062616169452667236328125,\"title\":\"Shop Location\",\"description\":\"\"},{\"id\":\"ca167f1c-6f43-4d35-8d5e-f1acd76c6445\",\"latitude\":49.43816165425814546097171842120587825775146484375,\"longitude\":7.76621806111436452368934624246321618556976318359375,\"title\":\"Verlagsort\",\"description\":\"\"}],\"align\":\"full\",\"height\":\"400px\",\"zoomControl\":true,\"draggable\":true,\"hasCustomCSS\":false,\"customCSS\":\"\",\"otterConditions\":[]} } );\n\t\/* ]]> *\/\n<\/script>\n<\/div>\n<\/div><\/div>\n","protected":false},"excerpt":{"rendered":"","protected":false},"author":1,"featured_media":0,"parent":0,"menu_order":0,"comment_status":"closed","ping_status":"closed","template":"","meta":{"neve_meta_sidebar":"full-width","neve_meta_container":"","neve_meta_enable_content_width":"on","neve_meta_content_width":100,"neve_meta_title_alignment":"center","neve_meta_author_avatar":"","neve_post_elements_order":"","neve_meta_disable_header":"","neve_meta_disable_footer":"","neve_meta_disable_title":"on","_themeisle_gutenberg_block_has_review":false,"footnotes":""},"class_list":["post-282","page","type-page","status-publish","hentry"],"_links":{"self":[{"href":"https:\/\/wildrosen-verlag.de\/index.php?rest_route=\/wp\/v2\/pages\/282","targetHints":{"allow":["GET"]}}],"collection":[{"href":"https:\/\/wildrosen-verlag.de\/index.php?rest_route=\/wp\/v2\/pages"}],"about":[{"href":"https:\/\/wildrosen-verlag.de\/index.php?rest_route=\/wp\/v2\/types\/page"}],"author":[{"embeddable":true,"href":"https:\/\/wildrosen-verlag.de\/index.php?rest_route=\/wp\/v2\/users\/1"}],"replies":[{"embeddable":true,"href":"https:\/\/wildrosen-verlag.de\/index.php?rest_route=%2Fwp%2Fv2%2Fcomments&post=282"}],"version-history":[{"count":9,"href":"https:\/\/wildrosen-verlag.de\/index.php?rest_route=\/wp\/v2\/pages\/282\/revisions"}],"predecessor-version":[{"id":453,"href":"https:\/\/wildrosen-verlag.de\/index.php?rest_route=\/wp\/v2\/pages\/282\/revisions\/453"}],"wp:attachment":[{"href":"https:\/\/wildrosen-verlag.de\/index.php?rest_route=%2Fwp%2Fv2%2Fmedia&parent=282"}],"curies":[{"name":"wp","href":"https:\/\/api.w.org\/{rel}","templated":true}]}}