{"id":326,"date":"2020-09-09T17:55:08","date_gmt":"2020-09-09T17:55:08","guid":{"rendered":"https:\/\/demosites.io\/shop-gb\/?page_id=265"},"modified":"2025-12-21T07:38:36","modified_gmt":"2025-12-21T06:38:36","slug":"52e3e-home","status":"publish","type":"page","link":"https:\/\/wildrosen-verlag.de\/","title":{"rendered":"Home"},"content":{"rendered":"\n<div id=\"wp-block-themeisle-blocks-advanced-columns-2e16e929\" class=\"wp-block-themeisle-blocks-advanced-columns alignfull has-1-columns has-desktop-equal-layout has-tablet-equal-layout has-mobile-equal-layout has-vertical-center\"><div class=\"wp-block-themeisle-blocks-advanced-columns-overlay\"><\/div><div class=\"innerblocks-wrap\">\n<div id=\"wp-block-themeisle-blocks-advanced-column-630e65ce\" class=\"wp-block-themeisle-blocks-advanced-column\">\n<h1 class=\"wp-block-heading has-text-align-center has-neve-link-color-color has-text-color has-cardo-font-family\" style=\"font-size:90px\">WiLDROSEN-Verlag<\/h1>\n\n\n\n<p class=\"has-text-align-center has-nv-c-1-color has-text-color has-x-large-font-size\">Worte, die wirken<\/p>\n\n\n\n<div class=\"wp-block-buttons is-horizontal is-content-justification-center is-layout-flex wp-container-core-buttons-is-layout-499968f5 wp-block-buttons-is-layout-flex\">\n<div class=\"wp-block-button is-style-primary\"><a class=\"wp-block-button__link wp-element-button\" href=\"http:\/\/wildrosen-verlag.de\/?page_id=53\">UNSERE B\u00dcCHER<\/a><\/div>\n<\/div>\n\n\n\n<div style=\"height:40px\" aria-hidden=\"true\" class=\"wp-block-spacer\"><\/div>\n<\/div>\n<\/div><\/div>\n\n\n\n<div id=\"wp-block-themeisle-blocks-advanced-columns-57bfef66\" class=\"wp-block-themeisle-blocks-advanced-columns alignfull has-1-columns has-desktop-equal-layout has-tablet-equal-layout has-mobile-equal-layout has-vertical-unset has-light-bg\"><div class=\"wp-block-themeisle-blocks-advanced-columns-overlay\"><\/div><div class=\"innerblocks-wrap\">\n<div id=\"wp-block-themeisle-blocks-advanced-column-88849554\" class=\"wp-block-themeisle-blocks-advanced-column\">\n<h2 class=\"wp-block-heading has-text-align-center\">WIR GEben IHRER IDEE EINE Form<\/h2>\n\n\n\n<p class=\"has-text-align-center\"><em>Wir helfen auch unerfahrenen Autoren ihr Buch zu publizieren.<\/em><\/p>\n\n\n\n<div id=\"wp-block-themeisle-blocks-advanced-columns-f4d5db45\" class=\"wp-block-themeisle-blocks-advanced-columns has-3-columns has-desktop-equal-layout has-tablet-equal-layout has-mobile-collapsedRows-layout has-vertical-unset\"><div class=\"wp-block-themeisle-blocks-advanced-columns-overlay\"><\/div><div class=\"innerblocks-wrap\">\n<div id=\"wp-block-themeisle-blocks-advanced-column-abaf1f32\" class=\"wp-block-themeisle-blocks-advanced-column\">\n<div class=\"wp-block-themeisle-blocks-service\">\n<div id=\"wp-block-themeisle-blocks-font-awesome-icons-83293f68\" class=\"wp-block-themeisle-blocks-font-awesome-icons\"><span class=\"wp-block-themeisle-blocks-font-awesome-icons-container\"><i class=\"fas fa-book\"><\/i><\/span><\/div>\n\n\n\n<h3 class=\"wp-block-heading has-text-align-center\">Sachb\u00fccher<\/h3>\n\n\n\n<p class=\"has-text-align-center has-neve-text-color-color has-text-color\">Wir sind spezialisiert auf Sachb\u00fccher und fachbezogene Literatur.<br>Auch f\u00fcr ein junges Publikum.  <\/p>\n<\/div>\n<\/div>\n\n\n\n<div id=\"wp-block-themeisle-blocks-advanced-column-2670760a\" class=\"wp-block-themeisle-blocks-advanced-column\">\n<div class=\"wp-block-themeisle-blocks-service\">\n<div id=\"wp-block-themeisle-blocks-font-awesome-icons-48f0c34c\" class=\"wp-block-themeisle-blocks-font-awesome-icons\"><span class=\"wp-block-themeisle-blocks-font-awesome-icons-container\"><i class=\"fas fa-home\"><\/i><\/span><\/div>\n\n\n\n<h3 class=\"wp-block-heading has-text-align-center\">Romane<\/h3>\n\n\n\n<p class=\"has-text-align-center has-neve-text-color-color has-text-color\">Vielf\u00e4ltige Romane: Von packenden Krimis bis zu fesselnden Erlebnisberichten.<\/p>\n<\/div>\n<\/div>\n\n\n\n<div id=\"wp-block-themeisle-blocks-advanced-column-4f9991e5\" class=\"wp-block-themeisle-blocks-advanced-column\">\n<div class=\"wp-block-themeisle-blocks-service\">\n<div id=\"wp-block-themeisle-blocks-font-awesome-icons-8351db79\" class=\"wp-block-themeisle-blocks-font-awesome-icons\"><span class=\"wp-block-themeisle-blocks-font-awesome-icons-container\"><svg xmlns=\"http:\/\/www.w3.org\/2000\/svg\" viewBox=\"0 0 1800 1800\"><path d=\"M1764.199,1597.184h-323.761V853.397h154.119c17.438,0,31.572-14.134,31.572-31.572V712.784h141.549 c0.04,0,0.058,0,0.089,0c17.438,0,31.571-14.134,31.571-31.571c0-11.04-5.664-20.757-14.244-26.399L918.838,8.395 c-11.205-8.355-26.562-8.355-37.767,0L13.352,655.908C2.451,664.046-2.016,678.25,2.271,691.16 c4.285,12.91,16.362,21.624,29.964,21.624h141.549v109.042c0,17.438,14.135,31.572,31.572,31.572h154.115v743.786H35.719 c-17.438,0-31.572,14.13-31.572,31.572v137.545c0,17.434,14.134,31.572,31.572,31.572h1728.48 c17.438,0,31.572-14.139,31.572-31.572v-137.545C1795.771,1611.313,1781.637,1597.184,1764.199,1597.184z M899.953,73.094 l772.627,576.547H127.333L899.953,73.094z M1302.901,1596.117V867.153h74.394v728.964H1302.901z M1239.758,1597.184H1000.3 V853.397h239.458V1597.184z M862.753,867.153h74.403v728.964h-74.403V867.153z M236.927,715.852h1326.059v74.402H236.927V715.852z M497.016,867.153v728.964h-74.402V867.153H497.016z M560.16,853.397h239.449v743.786H560.16V853.397z M1732.628,1734.729H67.29 v-74.401h1665.338V1734.729z\"><\/path><path d=\"M899.998,568.438c-83.726,0-151.843-68.116-151.843-151.845s68.117-151.845,151.843-151.845 c83.733,0,151.849,68.116,151.849,151.845S983.73,568.438,899.998,568.438z M899.998,327.893 c-48.908,0-88.699,39.791-88.699,88.701s39.791,88.701,88.699,88.701c48.915,0,88.706-39.791,88.706-88.701 S948.912,327.893,899.998,327.893z\"><\/path><\/svg><\/span><\/div>\n\n\n\n<h3 class=\"wp-block-heading has-text-align-center\">Hist0rische ROmane<\/h3>\n\n\n\n<p class=\"has-text-align-center\">Ein weiterer Schwerpunkt unseres Verlags liegt auf historischen Romanen des 18. und 19. Jahrhunderts. Diese Werke pr\u00e4sentieren wir in neuen \u00dcbersetzungen und zeichnen sich durch ihren pikanten Inhalt oder philosophischen Tiefgang aus.<\/p>\n<\/div>\n<\/div>\n<\/div><\/div>\n<\/div>\n<\/div><\/div>\n\n\n\n<div id=\"wp-block-themeisle-blocks-advanced-columns-11adf6c7\" class=\"wp-block-themeisle-blocks-advanced-columns has-1-columns has-desktop-equal-layout has-tablet-equal-layout has-mobile-equal-layout has-vertical-unset has-light-bg\"><div class=\"wp-block-themeisle-blocks-advanced-columns-overlay\"><\/div><div class=\"innerblocks-wrap\">\n<div id=\"wp-block-themeisle-blocks-advanced-column-8e84f112\" class=\"wp-block-themeisle-blocks-advanced-column\">\n<h2 class=\"wp-block-heading has-text-align-center\">UNSERE B\u00dcCHER<\/h2>\n\n\n\n<div style=\"height:40px\" aria-hidden=\"true\" class=\"wp-block-spacer\"><\/div>\n\n\n<div data-align-buttons=\"true\" data-block-name=\"woocommerce\/handpicked-products\" data-columns=\"4\" data-content-visibility=\"{&quot;title&quot;:true,&quot;price&quot;:false,&quot;rating&quot;:false,&quot;button&quot;:false}\" data-products=\"[596,568,555,591,97,566,476,469,603]\" class=\"wc-block-grid wp-block-handpicked-products wp-block-woocommerce-handpicked-products wc-block-handpicked-products has-4-columns has-multiple-rows has-aligned-buttons\"><ul class=\"wc-block-grid__products\"><li class=\"wc-block-grid__product\">\n\t\t\t\t<a href=\"https:\/\/wildrosen-verlag.de\/?product=rosenduft-und-lebenstraeume\" class=\"wc-block-grid__product-link\">\n\t\t\t\t\t\n\t\t\t\t\t<div class=\"wc-block-grid__product-image\"><img loading=\"lazy\" decoding=\"async\" width=\"300\" height=\"300\" src=\"https:\/\/wildrosen-verlag.de\/wp-content\/uploads\/2025\/12\/Book-mockup-1-300x300.jpg\" class=\"attachment-woocommerce_thumbnail size-woocommerce_thumbnail\" alt=\"Rosenduft und Lebenstr\u00e4ume\" srcset=\"https:\/\/wildrosen-verlag.de\/wp-content\/uploads\/2025\/12\/Book-mockup-1-300x300.jpg 300w, https:\/\/wildrosen-verlag.de\/wp-content\/uploads\/2025\/12\/Book-mockup-1-150x150.jpg 150w, https:\/\/wildrosen-verlag.de\/wp-content\/uploads\/2025\/12\/Book-mockup-1-100x100.jpg 100w\" sizes=\"auto, (max-width: 300px) 100vw, 300px\" \/><\/div>\n\t\t\t\t\t<div class=\"wc-block-grid__product-title\">Rosenduft und Lebenstr\u00e4ume<\/div>\n\t\t\t\t<\/a>\n\t\t\t\t\n\t\t\t\t\n\t\t\t\t\n\t\t\t<\/li><li class=\"wc-block-grid__product\">\n\t\t\t\t<a href=\"https:\/\/wildrosen-verlag.de\/?product=das-erwachen-des-homo-reflectens-wenn-denken-zur-gefahr-wird\" class=\"wc-block-grid__product-link\">\n\t\t\t\t\t\n\t\t\t\t\t<div class=\"wc-block-grid__product-image\"><img loading=\"lazy\" decoding=\"async\" width=\"300\" height=\"300\" src=\"https:\/\/wildrosen-verlag.de\/wp-content\/uploads\/2025\/10\/3d2-300x300.jpg\" class=\"attachment-woocommerce_thumbnail size-woocommerce_thumbnail\" alt=\"Das Erwachen des Homo Reflectens - Wenn Denken zur Gefahr wird\" srcset=\"https:\/\/wildrosen-verlag.de\/wp-content\/uploads\/2025\/10\/3d2-300x300.jpg 300w, https:\/\/wildrosen-verlag.de\/wp-content\/uploads\/2025\/10\/3d2-150x150.jpg 150w, https:\/\/wildrosen-verlag.de\/wp-content\/uploads\/2025\/10\/3d2-100x100.jpg 100w\" sizes=\"auto, (max-width: 300px) 100vw, 300px\" \/><\/div>\n\t\t\t\t\t<div class=\"wc-block-grid__product-title\">Das Erwachen des Homo Reflectens &#8211; Wenn Denken zur Gefahr wird<\/div>\n\t\t\t\t<\/a>\n\t\t\t\t\n\t\t\t\t\n\t\t\t\t\n\t\t\t<\/li><li class=\"wc-block-grid__product\">\n\t\t\t\t<a href=\"https:\/\/wildrosen-verlag.de\/?product=kaffeeduft-und-herzgefluester\" class=\"wc-block-grid__product-link\">\n\t\t\t\t\t\n\t\t\t\t\t<div class=\"wc-block-grid__product-image\"><img loading=\"lazy\" decoding=\"async\" width=\"300\" height=\"300\" src=\"https:\/\/wildrosen-verlag.de\/wp-content\/uploads\/2025\/10\/Book-mockup-300x300.jpg\" class=\"attachment-woocommerce_thumbnail size-woocommerce_thumbnail\" alt=\"Kaffeeduft und Herzgefl\u00fcster\" srcset=\"https:\/\/wildrosen-verlag.de\/wp-content\/uploads\/2025\/10\/Book-mockup-300x300.jpg 300w, https:\/\/wildrosen-verlag.de\/wp-content\/uploads\/2025\/10\/Book-mockup-150x150.jpg 150w, https:\/\/wildrosen-verlag.de\/wp-content\/uploads\/2025\/10\/Book-mockup-100x100.jpg 100w\" sizes=\"auto, (max-width: 300px) 100vw, 300px\" \/><\/div>\n\t\t\t\t\t<div class=\"wc-block-grid__product-title\">Kaffeeduft und Herzgefl\u00fcster<\/div>\n\t\t\t\t<\/a>\n\t\t\t\t\n\t\t\t\t\n\t\t\t\t\n\t\t\t<\/li><li class=\"wc-block-grid__product\">\n\t\t\t\t<a href=\"https:\/\/wildrosen-verlag.de\/?product=der-zeitenspiegel-der-kreis-der-jahrhunderte\" class=\"wc-block-grid__product-link\">\n\t\t\t\t\t\n\t\t\t\t\t<div class=\"wc-block-grid__product-image\"><img loading=\"lazy\" decoding=\"async\" width=\"300\" height=\"300\" src=\"https:\/\/wildrosen-verlag.de\/wp-content\/uploads\/2025\/08\/ZeitenspiegelMockup-300x300.jpg\" class=\"attachment-woocommerce_thumbnail size-woocommerce_thumbnail\" alt=\"Der Zeitenspiegel - Der Kreis der Jahrhunderte\" srcset=\"https:\/\/wildrosen-verlag.de\/wp-content\/uploads\/2025\/08\/ZeitenspiegelMockup-300x300.jpg 300w, https:\/\/wildrosen-verlag.de\/wp-content\/uploads\/2025\/08\/ZeitenspiegelMockup-150x150.jpg 150w, https:\/\/wildrosen-verlag.de\/wp-content\/uploads\/2025\/08\/ZeitenspiegelMockup-100x100.jpg 100w\" sizes=\"auto, (max-width: 300px) 100vw, 300px\" \/><\/div>\n\t\t\t\t\t<div class=\"wc-block-grid__product-title\">Der Zeitenspiegel &#8211; Der Kreis der Jahrhunderte<\/div>\n\t\t\t\t<\/a>\n\t\t\t\t\n\t\t\t\t\n\t\t\t\t\n\t\t\t<\/li><li class=\"wc-block-grid__product\">\n\t\t\t\t<a href=\"https:\/\/wildrosen-verlag.de\/?product=magische-stille-ein-roman-ueber-eine-abenteuerliche-reise-und-die-begegnung-mit-sich-selbst\" class=\"wc-block-grid__product-link\">\n\t\t\t\t\t\n\t\t\t\t\t<div class=\"wc-block-grid__product-image\"><img loading=\"lazy\" decoding=\"async\" width=\"300\" height=\"300\" src=\"https:\/\/wildrosen-verlag.de\/wp-content\/uploads\/2025\/08\/MagischeStille3-300x300.jpg\" class=\"attachment-woocommerce_thumbnail size-woocommerce_thumbnail\" alt=\"Magische Stille - ein Roman \u00fcber eine abenteuerliche Reise und die Begegnung mit sich selbst\" srcset=\"https:\/\/wildrosen-verlag.de\/wp-content\/uploads\/2025\/08\/MagischeStille3-300x300.jpg 300w, https:\/\/wildrosen-verlag.de\/wp-content\/uploads\/2025\/08\/MagischeStille3-150x150.jpg 150w, https:\/\/wildrosen-verlag.de\/wp-content\/uploads\/2025\/08\/MagischeStille3-100x100.jpg 100w\" sizes=\"auto, (max-width: 300px) 100vw, 300px\" \/><\/div>\n\t\t\t\t\t<div class=\"wc-block-grid__product-title\">Magische Stille &#8211; ein Roman \u00fcber eine abenteuerliche Reise und die Begegnung mit sich selbst<\/div>\n\t\t\t\t<\/a>\n\t\t\t\t\n\t\t\t\t\n\t\t\t\t\n\t\t\t<\/li><li class=\"wc-block-grid__product\">\n\t\t\t\t<a href=\"https:\/\/wildrosen-verlag.de\/?product=ich-bin-gluecklich-geschichten-ueber-glueck-und-lebensfreude\" class=\"wc-block-grid__product-link\">\n\t\t\t\t\t\n\t\t\t\t\t<div class=\"wc-block-grid__product-image\"><img loading=\"lazy\" decoding=\"async\" width=\"300\" height=\"300\" src=\"https:\/\/wildrosen-verlag.de\/wp-content\/uploads\/2025\/08\/IchBinGluecklich2-300x300.jpg\" class=\"attachment-woocommerce_thumbnail size-woocommerce_thumbnail\" alt=\"Ich bin Gl\u00fccklich - Geschichten \u00fcber Gl\u00fcck und Lebensfreude\" srcset=\"https:\/\/wildrosen-verlag.de\/wp-content\/uploads\/2025\/08\/IchBinGluecklich2-300x300.jpg 300w, https:\/\/wildrosen-verlag.de\/wp-content\/uploads\/2025\/08\/IchBinGluecklich2-150x150.jpg 150w, https:\/\/wildrosen-verlag.de\/wp-content\/uploads\/2025\/08\/IchBinGluecklich2-100x100.jpg 100w\" sizes=\"auto, (max-width: 300px) 100vw, 300px\" \/><\/div>\n\t\t\t\t\t<div class=\"wc-block-grid__product-title\">Ich bin Gl\u00fccklich &#8211; Geschichten \u00fcber Gl\u00fcck und Lebensfreude<\/div>\n\t\t\t\t<\/a>\n\t\t\t\t\n\t\t\t\t\n\t\t\t\t\n\t\t\t<\/li><li class=\"wc-block-grid__product\">\n\t\t\t\t<a href=\"https:\/\/wildrosen-verlag.de\/?product=oma-erzgaehl-nochmal\" class=\"wc-block-grid__product-link\">\n\t\t\t\t\t\n\t\t\t\t\t<div class=\"wc-block-grid__product-image\"><img loading=\"lazy\" decoding=\"async\" width=\"300\" height=\"300\" src=\"https:\/\/wildrosen-verlag.de\/wp-content\/uploads\/2025\/02\/Book-mockup-2-300x300.jpg\" class=\"attachment-woocommerce_thumbnail size-woocommerce_thumbnail\" alt=\"Oma erz\u00e4hl nochmal\" srcset=\"https:\/\/wildrosen-verlag.de\/wp-content\/uploads\/2025\/02\/Book-mockup-2-300x300.jpg 300w, https:\/\/wildrosen-verlag.de\/wp-content\/uploads\/2025\/02\/Book-mockup-2-150x150.jpg 150w, https:\/\/wildrosen-verlag.de\/wp-content\/uploads\/2025\/02\/Book-mockup-2-100x100.jpg 100w\" sizes=\"auto, (max-width: 300px) 100vw, 300px\" \/><\/div>\n\t\t\t\t\t<div class=\"wc-block-grid__product-title\">Oma erz\u00e4hl nochmal<\/div>\n\t\t\t\t<\/a>\n\t\t\t\t\n\t\t\t\t\n\t\t\t\t\n\t\t\t<\/li><li class=\"wc-block-grid__product\">\n\t\t\t\t<a href=\"https:\/\/wildrosen-verlag.de\/?product=uromas-augustes-rezepte-und-geschichten-aus-der-pfalz\" class=\"wc-block-grid__product-link\">\n\t\t\t\t\t\n\t\t\t\t\t<div class=\"wc-block-grid__product-image\"><img loading=\"lazy\" decoding=\"async\" width=\"300\" height=\"300\" src=\"https:\/\/wildrosen-verlag.de\/wp-content\/uploads\/2024\/12\/Book-mockup-1-300x300.jpg\" class=\"attachment-woocommerce_thumbnail size-woocommerce_thumbnail\" alt=\"Uromas Augustes Kochbuch aus der Pfalz\" srcset=\"https:\/\/wildrosen-verlag.de\/wp-content\/uploads\/2024\/12\/Book-mockup-1-300x300.jpg 300w, https:\/\/wildrosen-verlag.de\/wp-content\/uploads\/2024\/12\/Book-mockup-1-150x150.jpg 150w, https:\/\/wildrosen-verlag.de\/wp-content\/uploads\/2024\/12\/Book-mockup-1-100x100.jpg 100w\" sizes=\"auto, (max-width: 300px) 100vw, 300px\" \/><\/div>\n\t\t\t\t\t<div class=\"wc-block-grid__product-title\">Uromas Augustes Kochbuch aus der Pfalz<\/div>\n\t\t\t\t<\/a>\n\t\t\t\t\n\t\t\t\t\n\t\t\t\t\n\t\t\t<\/li><li class=\"wc-block-grid__product\">\n\t\t\t\t<a href=\"https:\/\/wildrosen-verlag.de\/?product=red-socks\" class=\"wc-block-grid__product-link\">\n\t\t\t\t\t\n\t\t\t\t\t<div class=\"wc-block-grid__product-image\"><img loading=\"lazy\" decoding=\"async\" width=\"300\" height=\"300\" src=\"https:\/\/wildrosen-verlag.de\/wp-content\/uploads\/2024\/12\/Book-mockup-300x300.jpg\" class=\"attachment-woocommerce_thumbnail size-woocommerce_thumbnail\" alt=\"Luna findet ihr Gl\u00fcck\" srcset=\"https:\/\/wildrosen-verlag.de\/wp-content\/uploads\/2024\/12\/Book-mockup-300x300.jpg 300w, https:\/\/wildrosen-verlag.de\/wp-content\/uploads\/2024\/12\/Book-mockup-150x150.jpg 150w, https:\/\/wildrosen-verlag.de\/wp-content\/uploads\/2024\/12\/Book-mockup-100x100.jpg 100w\" sizes=\"auto, (max-width: 300px) 100vw, 300px\" \/><\/div>\n\t\t\t\t\t<div class=\"wc-block-grid__product-title\">Luna findet ihr Gl\u00fcck<\/div>\n\t\t\t\t<\/a>\n\t\t\t\t\n\t\t\t\t\n\t\t\t\t\n\t\t\t<\/li><\/ul><\/div>\n\n\n<div style=\"height:40px\" aria-hidden=\"true\" class=\"wp-block-spacer\"><\/div>\n\n\n\n<div class=\"wp-block-buttons is-horizontal is-content-justification-center is-layout-flex wp-container-core-buttons-is-layout-499968f5 wp-block-buttons-is-layout-flex\">\n<div class=\"wp-block-button is-style-primary\"><a class=\"wp-block-button__link wp-element-button\" href=\"https:\/\/wildrosen-verlag.de\/?page_id=53\">ALLE B\u00dcCHER<\/a><\/div>\n<\/div>\n<\/div>\n<\/div><\/div>\n\n\n\n<div id=\"wp-block-themeisle-blocks-advanced-columns-ebdfb20d\" class=\"wp-block-themeisle-blocks-advanced-columns alignfull has-1-columns has-desktop-equal-layout has-tablet-equal-layout has-mobile-equal-layout has-vertical-top\"><div class=\"wp-block-themeisle-blocks-advanced-columns-overlay\"><\/div><div class=\"innerblocks-wrap\">\n<div id=\"wp-block-themeisle-blocks-advanced-column-1533a724\" class=\"wp-block-themeisle-blocks-advanced-column\">\n<h2 class=\"wp-block-heading has-text-align-center has-nv-text-dark-bg-color has-text-color\" style=\"font-size:30px\">Erz\u00e4hlungen, die DEIN Leben bereichern.<\/h2>\n<\/div>\n<\/div><\/div>\n\n\n\n<p><\/p>\n","protected":false},"excerpt":{"rendered":"","protected":false},"author":1,"featured_media":0,"parent":0,"menu_order":0,"comment_status":"closed","ping_status":"closed","template":"","meta":{"neve_meta_sidebar":"full-width","neve_meta_container":"default","neve_meta_enable_content_width":"on","neve_meta_content_width":100,"neve_meta_title_alignment":"","neve_meta_author_avatar":"","neve_post_elements_order":"","neve_meta_disable_header":"","neve_meta_disable_footer":"","neve_meta_disable_title":"on","_themeisle_gutenberg_block_has_review":false,"footnotes":""},"class_list":["post-326","page","type-page","status-publish","hentry"],"_links":{"self":[{"href":"https:\/\/wildrosen-verlag.de\/index.php?rest_route=\/wp\/v2\/pages\/326","targetHints":{"allow":["GET"]}}],"collection":[{"href":"https:\/\/wildrosen-verlag.de\/index.php?rest_route=\/wp\/v2\/pages"}],"about":[{"href":"https:\/\/wildrosen-verlag.de\/index.php?rest_route=\/wp\/v2\/types\/page"}],"author":[{"embeddable":true,"href":"https:\/\/wildrosen-verlag.de\/index.php?rest_route=\/wp\/v2\/users\/1"}],"replies":[{"embeddable":true,"href":"https:\/\/wildrosen-verlag.de\/index.php?rest_route=%2Fwp%2Fv2%2Fcomments&post=326"}],"version-history":[{"count":10,"href":"https:\/\/wildrosen-verlag.de\/index.php?rest_route=\/wp\/v2\/pages\/326\/revisions"}],"predecessor-version":[{"id":605,"href":"https:\/\/wildrosen-verlag.de\/index.php?rest_route=\/wp\/v2\/pages\/326\/revisions\/605"}],"wp:attachment":[{"href":"https:\/\/wildrosen-verlag.de\/index.php?rest_route=%2Fwp%2Fv2%2Fmedia&parent=326"}],"curies":[{"name":"wp","href":"https:\/\/api.w.org\/{rel}","templated":true}]}}