{"id":476,"date":"2025-02-07T05:50:00","date_gmt":"2025-02-07T04:50:00","guid":{"rendered":"https:\/\/wildrosen-verlag.de\/?post_type=product&#038;p=476"},"modified":"2025-02-07T05:59:53","modified_gmt":"2025-02-07T04:59:53","slug":"oma-erzgaehl-nochmal","status":"publish","type":"product","link":"https:\/\/wildrosen-verlag.de\/?product=oma-erzgaehl-nochmal","title":{"rendered":"Oma erz\u00e4hl nochmal"},"content":{"rendered":"<p class=\"cvGsUA direction-ltr align-justify para-style-body\"><span class=\"OYPEnA font-feature-liga-off font-feature-clig-off font-feature-calt-off text-decoration-none text-strikethrough-none\">Die 1940 auf einem Bauernhof in Barbelroth geborene Autorin wuchs in der S\u00fcdpfalz auf. Seit 1961 verheiratet, zog sie mit ihrem Mann vier Kinder gro\u00df und f\u00fchrte gemeinsam mit ihm einen Winzerbetrieb.<\/span><\/p>\n<p class=\"cvGsUA direction-ltr align-justify para-style-body\"><span class=\"OYPEnA font-feature-liga-off font-feature-clig-off font-feature-calt-off text-decoration-none text-strikethrough-none\">Ihre Geschichten spiegeln das wahre Leben wider: Mit einfachen Begebenheiten, ehrlichen Gef\u00fchlen und einer gro\u00dfen Portion Menschlichkeit wird das Allt\u00e4gliche lebendig und hinterl\u00e4sst Spuren, die auch heute noch ber\u00fchren.<br \/>\n<\/span><\/p>\n<p class=\"cvGsUA direction-ltr align-justify para-style-body\"><span class=\"OYPEnA font-feature-liga-off font-feature-clig-off font-feature-calt-off text-decoration-none text-strikethrough-none\">Dieses Buch nimmt dich mit in die Nachkriegsjahre der Pfalz \u2013 eine Zeit voller Entbehrungen, Zusammenhalt und kleiner Freuden. Aus der Sicht einer Gro\u00dfmutter nacherz\u00e4hlt, erf\u00e4hrst du, wie sie und ihre Familie das Leben auf dem Land gemeistert haben: mit Mut, Einfallsreichtum und viel Herz.<\/span><\/p>\n<p class=\"cvGsUA direction-ltr align-justify para-style-body\"><span class=\"OYPEnA font-feature-liga-off font-feature-clig-off font-feature-calt-off text-decoration-none text-strikethrough-none\">Die Geschichten sind lebendig, mal humorvoll, mal nachdenklich, und laden dich ein, in eine Welt einzutauchen, die so anders und doch vertraut ist. Perfekt zum Vorlesen oder selbst Schm\u00f6kern \u2013 f\u00fcr alle, die wissen m\u00f6chten, wie fr\u00fcher aus wenig etwas Gro\u00dfes wurde.<\/span><\/p>\n<p class=\"cvGsUA direction-ltr align-justify para-style-body\"><span class=\"OYPEnA font-feature-liga-off font-feature-clig-off font-feature-calt-off text-decoration-none text-strikethrough-none\">\u00a0<\/span><\/p>\n","protected":false},"excerpt":{"rendered":"<p>Die 1940 auf einem Bauernhof in Barbelroth geborene Autorin wuchs in der S\u00fcdpfalz auf. Seit 1961 verheiratet, zog sie mit ihrem Mann vier Kinder gro\u00df und f\u00fchrte gemeinsam mit ihm einen Winzerbetrieb. Ihre Geschichten spiegeln das wahre Leben wider: Mit einfachen Begebenheiten, ehrlichen Gef\u00fchlen und einer gro\u00dfen Portion Menschlichkeit wird das Allt\u00e4gliche lebendig und hinterl\u00e4sst&hellip;&nbsp;<a href=\"https:\/\/wildrosen-verlag.de\/?product=oma-erzgaehl-nochmal\" rel=\"bookmark\">Weiterlesen &raquo;<span class=\"screen-reader-text\">Oma erz\u00e4hl nochmal<\/span><\/a><\/p>\n","protected":false},"featured_media":477,"comment_status":"open","ping_status":"closed","template":"","meta":{"neve_meta_sidebar":"","neve_meta_container":"","neve_meta_enable_content_width":"off","neve_meta_content_width":100,"neve_meta_title_alignment":"","neve_meta_author_avatar":"","neve_post_elements_order":"","neve_meta_disable_header":"","neve_meta_disable_footer":"","neve_meta_disable_title":"","_themeisle_gutenberg_block_has_review":false},"product_brand":[],"product_cat":[23],"product_tag":[],"class_list":{"0":"post-476","1":"product","2":"type-product","3":"status-publish","4":"has-post-thumbnail","6":"product_cat-literarische-sachbuecher","8":"first","9":"instock","10":"shipping-taxable","11":"product-type-simple"},"_links":{"self":[{"href":"https:\/\/wildrosen-verlag.de\/index.php?rest_route=\/wp\/v2\/product\/476","targetHints":{"allow":["GET"]}}],"collection":[{"href":"https:\/\/wildrosen-verlag.de\/index.php?rest_route=\/wp\/v2\/product"}],"about":[{"href":"https:\/\/wildrosen-verlag.de\/index.php?rest_route=\/wp\/v2\/types\/product"}],"replies":[{"embeddable":true,"href":"https:\/\/wildrosen-verlag.de\/index.php?rest_route=%2Fwp%2Fv2%2Fcomments&post=476"}],"wp:featuredmedia":[{"embeddable":true,"href":"https:\/\/wildrosen-verlag.de\/index.php?rest_route=\/wp\/v2\/media\/477"}],"wp:attachment":[{"href":"https:\/\/wildrosen-verlag.de\/index.php?rest_route=%2Fwp%2Fv2%2Fmedia&parent=476"}],"wp:term":[{"taxonomy":"product_brand","embeddable":true,"href":"https:\/\/wildrosen-verlag.de\/index.php?rest_route=%2Fwp%2Fv2%2Fproduct_brand&post=476"},{"taxonomy":"product_cat","embeddable":true,"href":"https:\/\/wildrosen-verlag.de\/index.php?rest_route=%2Fwp%2Fv2%2Fproduct_cat&post=476"},{"taxonomy":"product_tag","embeddable":true,"href":"https:\/\/wildrosen-verlag.de\/index.php?rest_route=%2Fwp%2Fv2%2Fproduct_tag&post=476"}],"curies":[{"name":"wp","href":"https:\/\/api.w.org\/{rel}","templated":true}]}}