{"id":555,"date":"2025-08-18T13:36:25","date_gmt":"2025-08-18T11:36:25","guid":{"rendered":"https:\/\/wildrosen-verlag.de\/?post_type=product&#038;p=555"},"modified":"2025-08-18T13:38:13","modified_gmt":"2025-08-18T11:38:13","slug":"ich-bin-gluecklich-geschichten-ueber-glueck-und-lebensfreude","status":"publish","type":"product","link":"https:\/\/wildrosen-verlag.de\/?product=ich-bin-gluecklich-geschichten-ueber-glueck-und-lebensfreude","title":{"rendered":"Ich bin Gl\u00fccklich &#8211; Geschichten \u00fcber Gl\u00fcck und Lebensfreude"},"content":{"rendered":"<h3><span class=\"a-text-bold\">Kurzgeschichten zum Verschenken, zum Schmunzeln, zum Gl\u00fccklichsein.<\/span><\/h3>\n<p><span class=\"a-text-bold\">Entdecken Sie das Gl\u00fcck in den kleinen Momenten des Alltags.<\/span><br \/>\nWann haben Sie das letzte Mal spontan gesagt: \u201eIch bin gl\u00fccklich\u201c? In einer Welt voller Termine und Verpflichtungen vergessen wir oft, die magischen Augenblicke zu bemerken, die uns t\u00e4glich umgeben.<\/p>\n<p>Finn Martinsson nimmt Sie mit auf eine literarische Reise zu 50 Momenten der Lebensfreude. In kurzen, liebevoll erz\u00e4hlten Geschichten, entdecken Sie das Gl\u00fcck wieder \u2013 in einer unerwarteten Begegnung im Caf\u00e9 oder dem Wiedersehen mit einem alten Freund.<\/p>\n<p><span class=\"a-text-bold\">Was Sie erwartet:<\/span><\/p>\n<ul class=\"a-unordered-list a-vertical\">\n<li><span class=\"a-list-item\">50 humorvolle Mini-Geschichten mit wenigen Minuten Lesedauer<\/span><\/li>\n<li><span class=\"a-list-item\">Authentische Alltagsmomente, die Sie zum L\u00e4cheln bringen<\/span><\/li>\n<li><span class=\"a-list-item\">Ein kleiner Ratgeber f\u00fcr Gelassenheit und positives Denken<\/span><\/li>\n<li><span class=\"a-list-item\">Subtiler Humor und liebevolle Ironie des Alltags ohne Kitsch<\/span><\/li>\n<li><span class=\"a-list-item\">Lebensfreude pur \u2013 erleben Sie einen Moment des Gl\u00fccks<\/span><\/li>\n<\/ul>\n<p><span class=\"a-text-bold\">Perfekt f\u00fcr alle, die&#8230;<\/span><\/p>\n<ul class=\"a-unordered-list a-vertical\">\n<li><span class=\"a-list-item\">Gl\u00fcck in den kleinen Dingen des Lebens entdecken wollen<\/span><\/li>\n<li><span class=\"a-list-item\">ein herzerw\u00e4rmendes Geschenkbuch suchen<\/span><\/li>\n<li><span class=\"a-list-item\">subtilen Humor und authentische Geschichten lieben<\/span><\/li>\n<\/ul>\n<p>\u201e<span class=\"a-text-bold\">Feel-Good<\/span>\u201c\u00a0<span class=\"a-text-bold\">Literatur&#8220; f\u00fcr mehr Lebensfreude<\/span><br \/>\nDiese Sammlung ist mehr als nur ein Buch \u2013 es ist eine Einladung, das Gl\u00fcck wieder bewusst wahrzunehmen. Ob morgens beim Kaffee, in der Mittagspause oder abends vor dem Einschlafen: Jede Geschichte ist ein kleiner \u201e<span class=\"a-text-bold\">Gl\u00fccksengel<\/span>\u201c, der daran erinnert, dass Lebensfreude \u00fcberall auf uns wartet.<\/p>\n<p><span class=\"a-text-bold\">Ein Buch, das Sie mit einem L\u00e4cheln zur\u00fcckl\u00e4sst und Ihnen zeigt, das Gl\u00fcck nicht kompliziert ist \u2013 es ist einfach da, wenn wir hinschauen.<\/span><\/p>\n","protected":false},"excerpt":{"rendered":"<p><strong data-start=\"69\" data-end=\"203\">Entdecken Sie in 50 kurzen, humorvollen Geschichten die kleinen Gl\u00fccksmomente des Alltags \u2013 mal herzerw\u00e4rmend, mal augenzwinkernd.<\/strong> Finn Martinsson nimmt Sie mit auf eine literarische Reise voller Lebensfreude, die zum Innehalten, Schmunzeln und bewussten Genie\u00dfen einl\u00e4dt. Dieses \u201eFeel-Good\u201c-Buch ist das ideale Geschenk f\u00fcr alle, die Gelassenheit suchen und das Gl\u00fcck wieder im Kleinen finden m\u00f6chten.<\/p>\n<p><a style=\"background-color: #ffb100; color: black; padding: 12px 30px; border: none; border-radius: 25px; font-size: 16px; text-decoration: none; display: inline-block; cursor: pointer;\" href=\"https:\/\/www.amazon.de\/dp\/B0FLWLZ13N\" target=\"_blank\" rel=\"noopener\"><br \/>\nZum Buch bei Amazon<br \/>\n<\/a><\/p>\n","protected":false},"featured_media":557,"comment_status":"open","ping_status":"closed","template":"","meta":{"neve_meta_sidebar":"","neve_meta_container":"","neve_meta_enable_content_width":"off","neve_meta_content_width":100,"neve_meta_title_alignment":"","neve_meta_author_avatar":"","neve_post_elements_order":"","neve_meta_disable_header":"","neve_meta_disable_footer":"","neve_meta_disable_title":"","_themeisle_gutenberg_block_has_review":false},"product_brand":[],"product_cat":[25],"product_tag":[],"class_list":{"0":"post-555","1":"product","2":"type-product","3":"status-publish","4":"has-post-thumbnail","6":"product_cat-romane","8":"first","9":"instock","10":"shipping-taxable","11":"purchasable","12":"product-type-simple"},"_links":{"self":[{"href":"https:\/\/wildrosen-verlag.de\/index.php?rest_route=\/wp\/v2\/product\/555","targetHints":{"allow":["GET"]}}],"collection":[{"href":"https:\/\/wildrosen-verlag.de\/index.php?rest_route=\/wp\/v2\/product"}],"about":[{"href":"https:\/\/wildrosen-verlag.de\/index.php?rest_route=\/wp\/v2\/types\/product"}],"replies":[{"embeddable":true,"href":"https:\/\/wildrosen-verlag.de\/index.php?rest_route=%2Fwp%2Fv2%2Fcomments&post=555"}],"wp:featuredmedia":[{"embeddable":true,"href":"https:\/\/wildrosen-verlag.de\/index.php?rest_route=\/wp\/v2\/media\/557"}],"wp:attachment":[{"href":"https:\/\/wildrosen-verlag.de\/index.php?rest_route=%2Fwp%2Fv2%2Fmedia&parent=555"}],"wp:term":[{"taxonomy":"product_brand","embeddable":true,"href":"https:\/\/wildrosen-verlag.de\/index.php?rest_route=%2Fwp%2Fv2%2Fproduct_brand&post=555"},{"taxonomy":"product_cat","embeddable":true,"href":"https:\/\/wildrosen-verlag.de\/index.php?rest_route=%2Fwp%2Fv2%2Fproduct_cat&post=555"},{"taxonomy":"product_tag","embeddable":true,"href":"https:\/\/wildrosen-verlag.de\/index.php?rest_route=%2Fwp%2Fv2%2Fproduct_tag&post=555"}],"curies":[{"name":"wp","href":"https:\/\/api.w.org\/{rel}","templated":true}]}}