{"id":603,"date":"2025-12-21T07:32:41","date_gmt":"2025-12-21T06:32:41","guid":{"rendered":"https:\/\/wildrosen-verlag.de\/?post_type=product&#038;p=603"},"modified":"2025-12-21T07:43:09","modified_gmt":"2025-12-21T06:43:09","slug":"rosenduft-und-lebenstraeume","status":"publish","type":"product","link":"https:\/\/wildrosen-verlag.de\/?product=rosenduft-und-lebenstraeume","title":{"rendered":"Rosenduft und Lebenstr\u00e4ume"},"content":{"rendered":"<p><strong>Getrennt durch die Mauer, vereint durch die Liebe<\/strong><br \/>\nRosenduft und Lebenstr\u00e4ume<br \/>\nGetrennt durch die Mauer, vereint durch die Liebe<br \/>\nWas w\u00e4re, wenn Sie nach vierzig Jahren eine zweite Chance auf die gro\u00dfe Liebe bek\u00e4men?<\/p>\n<p>Leipzig, 1985: Als die Malerin Greta Mahler am Blumenmarkt eine rote Rose geschenkt bekommt, ahnt sie nicht, dass dieser Moment ihr Leben f\u00fcr immer ver\u00e4ndern wird. Der Mann, der ihr die Rose schenkt, ist Stefan Nieh\u00f6rster \u2013 charmant, ehrlich und so anders als alles, was sie kennt. Zwischen den Ufern des Karl-Heine-Kanals entsteht eine Liebe, die so intensiv ist, dass Greta glaubt, nichts k\u00f6nne sie je trennen.<\/p>\n<p>Doch dann reist Stefan in den Westen. Und kommt nicht zur\u00fcck.<\/p>\n","protected":false},"excerpt":{"rendered":"<p>Rosenduft und Lebenstr\u00e4ume<br \/>\nGetrennt durch die Mauer, vereint durch die Liebe<br \/>\nWas w\u00e4re, wenn Sie nach vierzig Jahren eine zweite Chance auf die gro\u00dfe Liebe bek\u00e4men?<\/p>\n<p>Leipzig, 1985: Als die Malerin Greta Mahler am Blumenmarkt eine rote Rose geschenkt bekommt, ahnt sie nicht, dass dieser Moment ihr Leben f\u00fcr immer ver\u00e4ndern wird. Der Mann, der ihr die Rose schenkt, ist Stefan Nieh\u00f6rster \u2013 charmant, ehrlich und so anders als alles, was sie kennt. Zwischen den Ufern des Karl-Heine-Kanals entsteht eine Liebe, die so intensiv ist, dass Greta glaubt, nichts k\u00f6nne sie je trennen.<\/p>\n<p>Doch dann reist Stefan in den Westen. Und kommt nicht zur\u00fcck.<\/p>\n<p><a style=\"background-color: #ffb100; color: black; padding: 12px 30px; border: none; border-radius: 25px; font-size: 16px; text-decoration: none; display: inline-block; cursor: pointer;\" href=\"https:\/\/amazon.de\/dp\/B0G4DPLKHH\" target=\"_blank\" rel=\"noopener\"><br \/>\nZum Buch bei Amazon<br \/>\n<\/a><\/p>\n","protected":false},"featured_media":604,"comment_status":"open","ping_status":"closed","template":"","meta":{"neve_meta_sidebar":"","neve_meta_container":"","neve_meta_enable_content_width":"off","neve_meta_content_width":100,"neve_meta_title_alignment":"","neve_meta_author_avatar":"","neve_post_elements_order":"","neve_meta_disable_header":"","neve_meta_disable_footer":"","neve_meta_disable_title":"","_themeisle_gutenberg_block_has_review":false},"product_brand":[],"product_cat":[23],"product_tag":[],"class_list":{"0":"post-603","1":"product","2":"type-product","3":"status-publish","4":"has-post-thumbnail","6":"product_cat-literarische-sachbuecher","8":"first","9":"instock","10":"shipping-taxable","11":"purchasable","12":"product-type-simple"},"_links":{"self":[{"href":"https:\/\/wildrosen-verlag.de\/index.php?rest_route=\/wp\/v2\/product\/603","targetHints":{"allow":["GET"]}}],"collection":[{"href":"https:\/\/wildrosen-verlag.de\/index.php?rest_route=\/wp\/v2\/product"}],"about":[{"href":"https:\/\/wildrosen-verlag.de\/index.php?rest_route=\/wp\/v2\/types\/product"}],"replies":[{"embeddable":true,"href":"https:\/\/wildrosen-verlag.de\/index.php?rest_route=%2Fwp%2Fv2%2Fcomments&post=603"}],"wp:featuredmedia":[{"embeddable":true,"href":"https:\/\/wildrosen-verlag.de\/index.php?rest_route=\/wp\/v2\/media\/604"}],"wp:attachment":[{"href":"https:\/\/wildrosen-verlag.de\/index.php?rest_route=%2Fwp%2Fv2%2Fmedia&parent=603"}],"wp:term":[{"taxonomy":"product_brand","embeddable":true,"href":"https:\/\/wildrosen-verlag.de\/index.php?rest_route=%2Fwp%2Fv2%2Fproduct_brand&post=603"},{"taxonomy":"product_cat","embeddable":true,"href":"https:\/\/wildrosen-verlag.de\/index.php?rest_route=%2Fwp%2Fv2%2Fproduct_cat&post=603"},{"taxonomy":"product_tag","embeddable":true,"href":"https:\/\/wildrosen-verlag.de\/index.php?rest_route=%2Fwp%2Fv2%2Fproduct_tag&post=603"}],"curies":[{"name":"wp","href":"https:\/\/api.w.org\/{rel}","templated":true}]}}