{"id":606,"date":"2025-12-21T08:15:02","date_gmt":"2025-12-21T07:15:02","guid":{"rendered":"https:\/\/wildrosen-verlag.de\/?post_type=product&#038;p=606"},"modified":"2025-12-21T08:28:40","modified_gmt":"2025-12-21T07:28:40","slug":"der-zeitenspiegel-die-mission-ab-01-03-2026","status":"publish","type":"product","link":"https:\/\/wildrosen-verlag.de\/?product=der-zeitenspiegel-die-mission-ab-01-03-2026","title":{"rendered":"Der Zeitenspiegel &#8211; Die Mission ( Band 2 ab 01.03.2026)"},"content":{"rendered":"<p>Der Zeitenspiegel &#8211; Die Mission ( Band 2 )<br \/>\nDer zweite Band der atmosph\u00e4rischen Fantasy-Reihe um Johanna und das Geheimnis des Zeitenspiegels<\/p>\n<p>Die Wahrheit hat ihren Preis, und Johanna ist bereit, ihn zu zahlen.<br \/>\nAngeklagt der Ketzerei muss sich Johanna vor Gericht verantworten, w\u00e4hrend im Verborgenen eine uralte Bruderschaft die F\u00e4den zieht. In den kalten Mauern des Verh\u00f6rsaals kreuzen sich die Wege gro\u00dfer Denker: Thomas von Aquin erkennt in ihren Worten mehr als nur H\u00e4resie, der Franziskaner Bonaventura sieht in ihr eine Gefahr f\u00fcr die gesamte Ordnung. Doch hinter beiden lauert Bruder Matthias, dessen wahre Absichten niemand durchschaut.<br \/>\nIn der dunkelsten Stunde offenbart sich Johanna die wahre Natur ihrer Mission: Sie ist nicht gekommen, um die Vergangenheit zu ver\u00e4ndern, sondern um ihr zu dienen. Denn was sie in ihren Gespr\u00e4chen mit Thomas von Aquin s\u00e4t, wird Jahrhunderte sp\u00e4ter die Philosophie Europas pr\u00e4gen.<br \/>\nEin atmosph\u00e4rischer historischer Fantasy-Roman voller dramatischer Wendungen und der zeitlosen Frage: Was ist wichtiger, die eigene Rettung oder die Erf\u00fcllung dessen, wozu man bestimmt wurde?<\/p>\n","protected":false},"excerpt":{"rendered":"<p>Angeklagt der Ketzerei muss sich Johanna vor Gericht verantworten, w\u00e4hrend die Bruderschaft im Verborgenen die F\u00e4den zieht. Thomas von Aquin erkennt in ihren Worten mehr als H\u00e4resie, doch andere sehen in ihr eine t\u00f6dliche Gefahr.<br \/>\nIn der dunkelsten Stunde offenbart sich Johanna die wahre Natur ihrer Mission: Sie ist nicht gekommen, um die Vergangenheit zu ver\u00e4ndern, sondern um ihr zu dienen.<br \/>\nEin atmosph\u00e4rischer historischer Fantasy-Roman voller dramatischer Wendungen und der zeitlosen Frage: Was ist wichtiger, die eigene Rettung oder die Erf\u00fcllung dessen, wozu man bestimmt wurde?<\/p>\n<p><a style=\"background-color: #ffb100; color: black; padding: 12px 30px; border: none; border-radius: 25px; font-size: 16px; text-decoration: none; display: inline-block; cursor: pointer;\" href=\"https:\/\/amazon.de\/dp\/B0FNCR8CSV\" target=\"_blank\" rel=\"noopener\"><br \/>\nZum Buch bei Amazon<br \/>\n<\/a><\/p>\n","protected":false},"featured_media":609,"comment_status":"open","ping_status":"closed","template":"","meta":{"neve_meta_sidebar":"","neve_meta_container":"","neve_meta_enable_content_width":"off","neve_meta_content_width":100,"neve_meta_title_alignment":"","neve_meta_author_avatar":"","neve_post_elements_order":"","neve_meta_disable_header":"","neve_meta_disable_footer":"","neve_meta_disable_title":"","_themeisle_gutenberg_block_has_review":false},"product_brand":[],"product_cat":[26],"product_tag":[],"class_list":{"0":"post-606","1":"product","2":"type-product","3":"status-publish","4":"has-post-thumbnail","6":"product_cat-historische-buecher","8":"first","9":"instock","10":"shipping-taxable","11":"purchasable","12":"product-type-simple"},"_links":{"self":[{"href":"https:\/\/wildrosen-verlag.de\/index.php?rest_route=\/wp\/v2\/product\/606","targetHints":{"allow":["GET"]}}],"collection":[{"href":"https:\/\/wildrosen-verlag.de\/index.php?rest_route=\/wp\/v2\/product"}],"about":[{"href":"https:\/\/wildrosen-verlag.de\/index.php?rest_route=\/wp\/v2\/types\/product"}],"replies":[{"embeddable":true,"href":"https:\/\/wildrosen-verlag.de\/index.php?rest_route=%2Fwp%2Fv2%2Fcomments&post=606"}],"wp:featuredmedia":[{"embeddable":true,"href":"https:\/\/wildrosen-verlag.de\/index.php?rest_route=\/wp\/v2\/media\/609"}],"wp:attachment":[{"href":"https:\/\/wildrosen-verlag.de\/index.php?rest_route=%2Fwp%2Fv2%2Fmedia&parent=606"}],"wp:term":[{"taxonomy":"product_brand","embeddable":true,"href":"https:\/\/wildrosen-verlag.de\/index.php?rest_route=%2Fwp%2Fv2%2Fproduct_brand&post=606"},{"taxonomy":"product_cat","embeddable":true,"href":"https:\/\/wildrosen-verlag.de\/index.php?rest_route=%2Fwp%2Fv2%2Fproduct_cat&post=606"},{"taxonomy":"product_tag","embeddable":true,"href":"https:\/\/wildrosen-verlag.de\/index.php?rest_route=%2Fwp%2Fv2%2Fproduct_tag&post=606"}],"curies":[{"name":"wp","href":"https:\/\/api.w.org\/{rel}","templated":true}]}}