{"id":87,"date":"2019-03-06T13:35:03","date_gmt":"2019-03-06T13:35:03","guid":{"rendered":"https:\/\/demosites.io\/shop-gb\/?post_type=product&#038;p=87"},"modified":"2025-12-21T07:20:46","modified_gmt":"2025-12-21T06:20:46","slug":"custom-tee","status":"publish","type":"product","link":"https:\/\/wildrosen-verlag.de\/?product=custom-tee","title":{"rendered":"Echos &#8211; Wenn man zweimal liebt"},"content":{"rendered":"<div class=\"woocommerce-product-details__short-description\">\n<h4>Ein Sommer f\u00fcr immer<\/h4>\n<h5>Zwei Welten, eine Liebe, keine einfache L\u00f6sung<\/h5>\n<p>Als Lukas auf seinem Klassentreffen Anna wiederbegegnet, \u00f6ffnet sich eine T\u00fcr in die Vergangenheit. Die Frau, die einst seine erste gro\u00dfe Liebe war, steht pl\u00f6tzlich vor ihm \u2013 gereift, selbstbewusst und noch immer mit diesem unverkennbaren Leuchten in den Augen.<\/p>\n<p>Was als nostalgische Erinnerung beginnt, entwickelt sich zu einer Reise durch tiefe Gef\u00fchle und unm\u00f6gliche Entscheidungen. Denn Lukas f\u00fchrt ein Leben, das er nicht einfach hinter sich lassen kann: eine Familie, die auf ihn z\u00e4hlt, Verpflichtungen, die er nicht ignorieren kann.<\/p>\n<p>Anna hingegen hat als alleinerziehende Mutter gelernt, f\u00fcr sich und ihre Tochter einzustehen. Sie hat klare Grenzen gezogen und ein Leben aufgebaut, in dem kein Platz f\u00fcr halbe Sachen ist.<\/p>\n<p>Zwischen Sehnsucht und Verantwortung, zwischen Leidenschaft und Schuld, m\u00fcssen beide eine Wahrheit erkennen: Manchmal reicht Liebe allein nicht aus.<\/p>\n<p>&#8222;Ein Sommer f\u00fcr immer&#8220; ist ein psychologisch tiefgr\u00fcndiger Roman \u00fcber die Konsequenzen unserer Entscheidungen, die Komplexit\u00e4t menschlicher Beziehungen und die zeitlose Frage: Wie viel sind wir bereit zu opfern f\u00fcr ein Gl\u00fcck, das andere ungl\u00fccklich macht?<\/p>\n<p><span class=\"a-text-italic\">&#8222;Mit feinf\u00fchliger psychologischer Tiefe und emotionaler Ehrlichkeit erz\u00e4hlt dieser Roman eine Geschichte, die unter die Haut geht. Die Charaktere sind so lebendig und menschlich gezeichnet, dass man ihre Konflikte und Sehns\u00fcchte hautnah mitf\u00fchlt.&#8220; \u2013 Literaturecho<\/span><\/p>\n<\/div>\n","protected":false},"excerpt":{"rendered":"<div class=\"woocommerce-product-details__short-description\">\n<p>Eine bewegende Geschichte \u00fcber zwei Menschen, deren Liebe auf eine harte Probe gestellt wird, obwohl sie f\u00fcreinander bestimmt sind.<\/p>\n<p><a style=\"background-color: #ffb100; color: black; padding: 12px 30px; border: none; border-radius: 25px; font-size: 16px; text-decoration: none; display: inline-block; cursor: pointer;\" href=\"https:\/\/www.amazon.de\/dp\/B0F8T1RCYX\" target=\"_blank\" rel=\"noopener\"><br \/>\nZum Buch bei Amazon<br \/>\n<\/a><\/p>\n<\/div>\n","protected":false},"featured_media":551,"comment_status":"open","ping_status":"closed","template":"","meta":{"neve_meta_sidebar":"","neve_meta_container":"","neve_meta_enable_content_width":"off","neve_meta_content_width":70,"neve_meta_title_alignment":"","neve_meta_author_avatar":"","neve_post_elements_order":"","neve_meta_disable_header":"","neve_meta_disable_footer":"","neve_meta_disable_title":"","_themeisle_gutenberg_block_has_review":false},"product_brand":[],"product_cat":[25],"product_tag":[],"class_list":{"0":"post-87","1":"product","2":"type-product","3":"status-publish","4":"has-post-thumbnail","6":"product_cat-romane","8":"first","9":"instock","10":"shipping-taxable","11":"purchasable","12":"product-type-simple"},"_links":{"self":[{"href":"https:\/\/wildrosen-verlag.de\/index.php?rest_route=\/wp\/v2\/product\/87","targetHints":{"allow":["GET"]}}],"collection":[{"href":"https:\/\/wildrosen-verlag.de\/index.php?rest_route=\/wp\/v2\/product"}],"about":[{"href":"https:\/\/wildrosen-verlag.de\/index.php?rest_route=\/wp\/v2\/types\/product"}],"replies":[{"embeddable":true,"href":"https:\/\/wildrosen-verlag.de\/index.php?rest_route=%2Fwp%2Fv2%2Fcomments&post=87"}],"wp:featuredmedia":[{"embeddable":true,"href":"https:\/\/wildrosen-verlag.de\/index.php?rest_route=\/wp\/v2\/media\/551"}],"wp:attachment":[{"href":"https:\/\/wildrosen-verlag.de\/index.php?rest_route=%2Fwp%2Fv2%2Fmedia&parent=87"}],"wp:term":[{"taxonomy":"product_brand","embeddable":true,"href":"https:\/\/wildrosen-verlag.de\/index.php?rest_route=%2Fwp%2Fv2%2Fproduct_brand&post=87"},{"taxonomy":"product_cat","embeddable":true,"href":"https:\/\/wildrosen-verlag.de\/index.php?rest_route=%2Fwp%2Fv2%2Fproduct_cat&post=87"},{"taxonomy":"product_tag","embeddable":true,"href":"https:\/\/wildrosen-verlag.de\/index.php?rest_route=%2Fwp%2Fv2%2Fproduct_tag&post=87"}],"curies":[{"name":"wp","href":"https:\/\/api.w.org\/{rel}","templated":true}]}}